{"id":83,"date":"2025-09-24T12:13:20","date_gmt":"2025-09-24T12:13:20","guid":{"rendered":"https:\/\/alexis.ameye.formation-esiac.fr\/?page_id=83"},"modified":"2025-09-24T12:40:43","modified_gmt":"2025-09-24T12:40:43","slug":"portfolio","status":"publish","type":"page","link":"https:\/\/alexis.ameye.formation-esiac.fr\/index.php\/portfolio\/","title":{"rendered":"L&rsquo;objectif que je veux atteindre"},"content":{"rendered":"\n<p>Passionn\u00e9 par les technologies informatiques et la protection des syst\u00e8mes d\u2019information, mon objectif est de devenir <strong>administrateur r\u00e9seau sp\u00e9cialis\u00e9 en cybers\u00e9curit\u00e9<\/strong>.<br>Le <strong>BTS SIO option SISR<\/strong> m\u2019a permis de d\u00e9velopper des comp\u00e9tences techniques essentielles en administration de serveurs, gestion des r\u00e9seaux, virtualisation et mise en place de solutions s\u00e9curis\u00e9es. En poursuivant mon parcours avec une <strong>licence en cybers\u00e9curit\u00e9<\/strong>, je souhaite approfondir mes connaissances en <strong>protection des infrastructures<\/strong>, en <strong>pr\u00e9vention des cyberattaques<\/strong> et en <strong>gestion proactive des incidents de s\u00e9curit\u00e9<\/strong>.<\/p>\n\n\n\n<p>Ce projet s\u2019inscrit dans une volont\u00e9 claire : mettre mes comp\u00e9tences au service des organisations pour garantir la <strong>stabilit\u00e9, la performance et la s\u00e9curit\u00e9<\/strong> de leurs syst\u00e8mes informatiques. \u00c0 travers ce r\u00f4le, j\u2019aspire \u00e0 contribuer \u00e0 la confiance num\u00e9rique des entreprises et \u00e0 relever les d\u00e9fis actuels li\u00e9s \u00e0 la s\u00e9curit\u00e9 des donn\u00e9es.<\/p>\n\n\n\n<p>Mon ambition est d\u2019\u00e9voluer vers un poste strat\u00e9gique dans le domaine des syst\u00e8mes d\u2019information, que ce soit en tant qu\u2019<strong>administrateur en cybers\u00e9curit\u00e9<\/strong> ou, \u00e0 terme, <strong>Directeur des Syst\u00e8mes d\u2019Information (DSI)<\/strong>.<br>Fort des comp\u00e9tences acquises en <strong>administration r\u00e9seaux<\/strong> et en <strong>s\u00e9curisation des infrastructures<\/strong> gr\u00e2ce au <strong>BTS SIO option SISR<\/strong>, je souhaite consolider mon expertise \u00e0 travers une <strong>licence en cybers\u00e9curit\u00e9<\/strong>, afin de ma\u00eetriser les enjeux de la protection des donn\u00e9es, de la gestion des risques et de la continuit\u00e9 des services num\u00e9riques.<\/p>\n\n\n\n<p>Au-del\u00e0 des aspects techniques, mon objectif est de d\u00e9velopper une vision globale des syst\u00e8mes d\u2019information, alliant <strong>performance, s\u00e9curit\u00e9 et innovation<\/strong>, afin d\u2019accompagner les entreprises dans leur transformation num\u00e9rique. Ce projet refl\u00e8te ma volont\u00e9 de contribuer \u00e0 des environnements technologiques fiables et s\u00e9curis\u00e9s, tout en m\u2019impliquant dans des d\u00e9cisions strat\u00e9giques essentielles \u00e0 la r\u00e9ussite des organisations.<\/p>\n\n\n\n<p><\/p>\n","protected":false},"excerpt":{"rendered":"<p>Passionn\u00e9 par les technologies informatiques et la protection des syst\u00e8mes d\u2019information, mon objectif est de devenir administrateur r\u00e9seau sp\u00e9cialis\u00e9 en [&hellip;]<\/p>\n","protected":false},"author":1,"featured_media":0,"parent":0,"menu_order":0,"comment_status":"closed","ping_status":"closed","template":"","meta":{"_uag_custom_page_level_css":"","site-sidebar-layout":"default","site-content-layout":"","ast-site-content-layout":"default","site-content-style":"default","site-sidebar-style":"default","ast-global-header-display":"","ast-banner-title-visibility":"","ast-main-header-display":"","ast-hfb-above-header-display":"","ast-hfb-below-header-display":"","ast-hfb-mobile-header-display":"","site-post-title":"","ast-breadcrumbs-content":"","ast-featured-img":"","footer-sml-layout":"","ast-disable-related-posts":"","theme-transparent-header-meta":"","adv-header-id-meta":"","stick-header-meta":"","header-above-stick-meta":"","header-main-stick-meta":"","header-below-stick-meta":"","astra-migrate-meta-layouts":"default","ast-page-background-enabled":"default","ast-page-background-meta":{"desktop":{"background-color":"var(--ast-global-color-5)","background-image":"","background-repeat":"repeat","background-position":"center center","background-size":"auto","background-attachment":"scroll","background-type":"","background-media":"","overlay-type":"","overlay-color":"","overlay-opacity":"","overlay-gradient":""},"tablet":{"background-color":"","background-image":"","background-repeat":"repeat","background-position":"center center","background-size":"auto","background-attachment":"scroll","background-type":"","background-media":"","overlay-type":"","overlay-color":"","overlay-opacity":"","overlay-gradient":""},"mobile":{"background-color":"","background-image":"","background-repeat":"repeat","background-position":"center center","background-size":"auto","background-attachment":"scroll","background-type":"","background-media":"","overlay-type":"","overlay-color":"","overlay-opacity":"","overlay-gradient":""}},"ast-content-background-meta":{"desktop":{"background-color":"var(--ast-global-color-4)","background-image":"","background-repeat":"repeat","background-position":"center center","background-size":"auto","background-attachment":"scroll","background-type":"","background-media":"","overlay-type":"","overlay-color":"","overlay-opacity":"","overlay-gradient":""},"tablet":{"background-color":"var(--ast-global-color-4)","background-image":"","background-repeat":"repeat","background-position":"center center","background-size":"auto","background-attachment":"scroll","background-type":"","background-media":"","overlay-type":"","overlay-color":"","overlay-opacity":"","overlay-gradient":""},"mobile":{"background-color":"var(--ast-global-color-4)","background-image":"","background-repeat":"repeat","background-position":"center center","background-size":"auto","background-attachment":"scroll","background-type":"","background-media":"","overlay-type":"","overlay-color":"","overlay-opacity":"","overlay-gradient":""}},"footnotes":""},"class_list":["post-83","page","type-page","status-publish","hentry"],"uagb_featured_image_src":{"full":false,"thumbnail":false,"medium":false,"medium_large":false,"large":false,"1536x1536":false,"2048x2048":false},"uagb_author_info":{"display_name":"alexis.ameye","author_link":"https:\/\/alexis.ameye.formation-esiac.fr\/index.php\/author\/alexis-ameye\/"},"uagb_comment_info":0,"uagb_excerpt":"Passionn\u00e9 par les technologies informatiques et la protection des syst\u00e8mes d\u2019information, mon objectif est de devenir administrateur r\u00e9seau sp\u00e9cialis\u00e9 en [&hellip;]","_links":{"self":[{"href":"https:\/\/alexis.ameye.formation-esiac.fr\/index.php\/wp-json\/wp\/v2\/pages\/83","targetHints":{"allow":["GET"]}}],"collection":[{"href":"https:\/\/alexis.ameye.formation-esiac.fr\/index.php\/wp-json\/wp\/v2\/pages"}],"about":[{"href":"https:\/\/alexis.ameye.formation-esiac.fr\/index.php\/wp-json\/wp\/v2\/types\/page"}],"author":[{"embeddable":true,"href":"https:\/\/alexis.ameye.formation-esiac.fr\/index.php\/wp-json\/wp\/v2\/users\/1"}],"replies":[{"embeddable":true,"href":"https:\/\/alexis.ameye.formation-esiac.fr\/index.php\/wp-json\/wp\/v2\/comments?post=83"}],"version-history":[{"count":3,"href":"https:\/\/alexis.ameye.formation-esiac.fr\/index.php\/wp-json\/wp\/v2\/pages\/83\/revisions"}],"predecessor-version":[{"id":111,"href":"https:\/\/alexis.ameye.formation-esiac.fr\/index.php\/wp-json\/wp\/v2\/pages\/83\/revisions\/111"}],"wp:attachment":[{"href":"https:\/\/alexis.ameye.formation-esiac.fr\/index.php\/wp-json\/wp\/v2\/media?parent=83"}],"curies":[{"name":"wp","href":"https:\/\/api.w.org\/{rel}","templated":true}]}}